{"id":99,"date":"2025-05-12T07:13:27","date_gmt":"2025-05-12T07:13:27","guid":{"rendered":"https:\/\/electricadventure.pl\/?page_id=99"},"modified":"2026-03-03T06:31:00","modified_gmt":"2026-03-03T06:31:00","slug":"99-2","status":"publish","type":"page","link":"https:\/\/electricadventure.pl\/index.php\/99-2\/","title":{"rendered":"Podstrona Crossy"},"content":{"rendered":"<p>[et_pb_section fb_built=&#8221;1&#8243; admin_label=&#8221;Header&#8221; _builder_version=&#8221;4.27.4&#8243; _module_preset=&#8221;default&#8221; background_image=&#8221;https:\/\/electricadventure.pl\/wp-content\/uploads\/2025\/05\/Tekst-akapitu-crossy-2.png&#8221; custom_margin=&#8221;||-22px||false|false&#8221; custom_padding=&#8221;21vw||21vw||true|false&#8221; collapsed=&#8221;off&#8221; global_colors_info=&#8221;{}&#8221;][et_pb_row use_custom_gutter=&#8221;on&#8221; make_equal=&#8221;on&#8221; _builder_version=&#8221;4.27.4&#8243; _module_preset=&#8221;default&#8221; width=&#8221;23%&#8221; global_colors_info=&#8221;{}&#8221;][et_pb_column type=&#8221;4_4&#8243; _builder_version=&#8221;4.27.4&#8243; _module_preset=&#8221;default&#8221; global_colors_info=&#8221;{}&#8221;][et_pb_image src=&#8221;https:\/\/electricadventure.pl\/wp-content\/uploads\/2025\/05\/Subject.png&#8221; title_text=&#8221;Subject&#8221; _builder_version=&#8221;4.27.4&#8243; _module_preset=&#8221;default&#8221; transform_scale=&#8221;148%|148%&#8221; transform_translate=&#8221;0px|12px&#8221; global_colors_info=&#8221;{}&#8221;][\/et_pb_image][et_pb_text _builder_version=&#8221;4.27.4&#8243; _module_preset=&#8221;default&#8221; global_colors_info=&#8221;{}&#8221;][\/et_pb_text][\/et_pb_column][\/et_pb_row][\/et_pb_section][et_pb_section fb_built=&#8221;1&#8243; admin_label=&#8221;Video&#8221; _builder_version=&#8221;4.27.4&#8243; _module_preset=&#8221;default&#8221; background_color=&#8221;#000000&#8243; collapsed=&#8221;on&#8221; global_colors_info=&#8221;{}&#8221;][et_pb_row column_structure=&#8221;1_2,1_2&#8243; _builder_version=&#8221;4.27.4&#8243; _module_preset=&#8221;default&#8221; global_colors_info=&#8221;{}&#8221;][et_pb_column type=&#8221;1_2&#8243; _builder_version=&#8221;4.27.4&#8243; _module_preset=&#8221;default&#8221; global_colors_info=&#8221;{}&#8221;][et_pb_image src=&#8221;https:\/\/electricadventure.pl\/wp-content\/uploads\/2025\/05\/DSC06229.jpg&#8221; title_text=&#8221;DSC06229&#8243; _builder_version=&#8221;4.27.4&#8243; _module_preset=&#8221;default&#8221; global_colors_info=&#8221;{}&#8221;][\/et_pb_image][\/et_pb_column][et_pb_column type=&#8221;1_2&#8243; _builder_version=&#8221;4.27.4&#8243; _module_preset=&#8221;default&#8221; global_colors_info=&#8221;{}&#8221;][et_pb_text _builder_version=&#8221;4.27.4&#8243; _module_preset=&#8221;default&#8221; text_font=&#8221;Aboreto||||||||&#8221; text_text_color=&#8221;#FFFFFF&#8221; text_font_size=&#8221;20px&#8221; text_orientation=&#8221;center&#8221; global_colors_info=&#8221;{}&#8221;]<\/p>\n<p>surron ultra T<\/p>\n<p><span>Moc: 12,5 kW<\/span><br \/><span>Waga: 92 kg<\/span><br \/><span>V-max: 100 km\/h<\/span><br \/><span>Bateria: 74 V 55 AH<\/span><br \/><span>Czas \u0142adowania: 4 h (0-100%)<\/span><br \/><span>Zasi\u0119g: ok. 100 km<\/span><\/p>\n<p><span>Dost\u0119pne 2 sztuki<\/span><\/p>\n<p><span>ceny:<\/span><\/p>\n<p><span>1 godzina: 190 z\u0142<br \/>3 godziny lub do wyczerpania baterii: 380 z\u0142<br \/>Ca\u0142y dzie\u0144: 460 z\u0142 <\/span><span>(z \u0142adowark\u0105)<br \/>Doba: 540 z\u0142 (z \u0142adowark\u0105)<br \/>Weekend (pi\u0105tek wiecz\u00f3r \u2013 poniedzia\u0142ek rano, z \u0142adowark\u0105): 950 z\u0142<\/span><\/p>\n<p><span>kaucja zwrotna: 500z\u0142<\/span><\/p>\n<p>[\/et_pb_text][\/et_pb_column][\/et_pb_row][\/et_pb_section][et_pb_section fb_built=&#8221;1&#8243; admin_label=&#8221;Video&#8221; _builder_version=&#8221;4.27.4&#8243; _module_preset=&#8221;default&#8221; background_color=&#8221;#000000&#8243; collapsed=&#8221;on&#8221; global_colors_info=&#8221;{}&#8221;][et_pb_row column_structure=&#8221;1_2,1_2&#8243; _builder_version=&#8221;4.27.4&#8243; _module_preset=&#8221;default&#8221; global_colors_info=&#8221;{}&#8221;][et_pb_column type=&#8221;1_2&#8243; _builder_version=&#8221;4.27.4&#8243; _module_preset=&#8221;default&#8221; global_colors_info=&#8221;{}&#8221;][et_pb_image src=&#8221;https:\/\/electricadventure.pl\/wp-content\/uploads\/2025\/05\/DSC06240.jpg&#8221; title_text=&#8221;DSC06240&#8243; _builder_version=&#8221;4.27.4&#8243; _module_preset=&#8221;default&#8221; global_colors_info=&#8221;{}&#8221;][\/et_pb_image][\/et_pb_column][et_pb_column type=&#8221;1_2&#8243; _builder_version=&#8221;4.27.4&#8243; _module_preset=&#8221;default&#8221; global_colors_info=&#8221;{}&#8221;][et_pb_text _builder_version=&#8221;4.27.4&#8243; _module_preset=&#8221;default&#8221; text_font=&#8221;Aboreto||||||||&#8221; text_text_color=&#8221;#FFFFFF&#8221; text_font_size=&#8221;20px&#8221; text_orientation=&#8221;center&#8221; global_colors_info=&#8221;{}&#8221;]<\/p>\n<p>talaria mx4<\/p>\n<p><span>Moc: 8 kW<\/span><br \/><span>Waga: 71 kg<\/span><br \/><span>V-max: 85 km\/h<\/span><br \/><span>Bateria: 60 V 45 AH<\/span><br \/><span>Czas \u0142adowania: 3 h (0-100%)<\/span><br \/><span>Zasi\u0119g: ok. 70 km<\/span><\/p>\n<p>Dost\u0119pne 2 sztuki<span><\/span><\/p>\n<p>Ceny:<\/p>\n<p><span>1 godzina: 150 z\u0142<\/span><br \/><span>3 godziny lub do wyczerpania baterii: 290 z\u0142<\/span><br \/><span>Ca\u0142y dzie\u0144: 370z\u0142 (z \u0142adowark\u0105)<\/span><br \/><span>Doba: 450z\u0142 (z \u0142adowark\u0105)<\/span><br \/><span>Weekend (pi\u0105tek wiecz\u00f3r \u2013 poniedzia\u0142ek rano, z \u0142adowark\u0105): 790 z\u0142<\/span><\/p>\n<p>kaucja zwrotna: 500 z\u0142<span><\/span><\/p>\n<p><span><\/span><\/p>\n<p>[\/et_pb_text][\/et_pb_column][\/et_pb_row][\/et_pb_section][et_pb_section fb_built=&#8221;1&#8243; admin_label=&#8221;Video&#8221; _builder_version=&#8221;4.27.4&#8243; _module_preset=&#8221;default&#8221; background_color=&#8221;#000000&#8243; collapsed=&#8221;on&#8221; global_colors_info=&#8221;{}&#8221;][et_pb_row column_structure=&#8221;1_2,1_2&#8243; _builder_version=&#8221;4.27.4&#8243; _module_preset=&#8221;default&#8221; global_colors_info=&#8221;{}&#8221;][et_pb_column type=&#8221;1_2&#8243; _builder_version=&#8221;4.27.4&#8243; _module_preset=&#8221;default&#8221; global_colors_info=&#8221;{}&#8221;][et_pb_image src=&#8221;https:\/\/electricadventure.pl\/wp-content\/uploads\/2025\/05\/DSC06258.jpg&#8221; title_text=&#8221;DSC06258&#8243; _builder_version=&#8221;4.27.4&#8243; _module_preset=&#8221;default&#8221; global_colors_info=&#8221;{}&#8221;][\/et_pb_image][\/et_pb_column][et_pb_column type=&#8221;1_2&#8243; _builder_version=&#8221;4.27.4&#8243; _module_preset=&#8221;default&#8221; global_colors_info=&#8221;{}&#8221;][et_pb_text _builder_version=&#8221;4.27.4&#8243; _module_preset=&#8221;default&#8221; text_font=&#8221;Aboreto||||||||&#8221; text_text_color=&#8221;#FFFFFF&#8221; text_font_size=&#8221;20px&#8221; text_orientation=&#8221;center&#8221; global_colors_info=&#8221;{}&#8221;]<\/p>\n<p>\u00a0Surron Light bee X<\/p>\n<p>&nbsp;<\/p>\n<p><span>Moc: 8 kW<\/span><br \/><span>Waga: 64 kg<\/span><br \/><span>V-max: 85 km\/h<\/span><br \/><span>Bateria: 60 V 45 AH<\/span><br \/><span>Czas \u0142adowania: 3 h (0-100%)<\/span><br \/><span>Zasi\u0119g: ok. 70 km<\/span><\/p>\n<p>Dost\u0119pne 2 sztuki<span><\/span><\/p>\n<p>Ceny:<span><\/span><\/p>\n<p><span>1 godzina: 150 z\u0142<\/span><br \/><span>3 godziny lub do wyczerpania baterii: 290 z\u0142<\/span><br \/><span>Ca\u0142y dzie\u0144: 370 z\u0142 (z \u0142adowark\u0105)<\/span><br \/><span>Doba: 450 z\u0142 (z \u0142adowark\u0105)<\/span><br \/><span>Weekend (pi\u0105tek wiecz\u00f3r \u2013 poniedzia\u0142ek rano, z \u0142adowark\u0105): 850 z\u0142<\/span><\/p>\n<p>kaucja zwrotna: 500z\u0142<span><\/span><\/p>\n<p><span><\/span><\/p>\n<p>[\/et_pb_text][\/et_pb_column][\/et_pb_row][\/et_pb_section][et_pb_section fb_built=&#8221;1&#8243; admin_label=&#8221;Video&#8221; _builder_version=&#8221;4.27.4&#8243; _module_preset=&#8221;default&#8221; background_color=&#8221;#000000&#8243; collapsed=&#8221;on&#8221; global_colors_info=&#8221;{}&#8221;][et_pb_row column_structure=&#8221;1_2,1_2&#8243; _builder_version=&#8221;4.27.4&#8243; _module_preset=&#8221;default&#8221; global_colors_info=&#8221;{}&#8221;][et_pb_column type=&#8221;1_2&#8243; _builder_version=&#8221;4.27.4&#8243; _module_preset=&#8221;default&#8221; global_colors_info=&#8221;{}&#8221;][et_pb_image src=&#8221;https:\/\/electricadventure.pl\/wp-content\/uploads\/2025\/05\/mini-cross.jpg&#8221; title_text=&#8221;mini cross&#8221; _builder_version=&#8221;4.27.4&#8243; _module_preset=&#8221;default&#8221; global_colors_info=&#8221;{}&#8221;][\/et_pb_image][\/et_pb_column][et_pb_column type=&#8221;1_2&#8243; _builder_version=&#8221;4.27.4&#8243; _module_preset=&#8221;default&#8221; global_colors_info=&#8221;{}&#8221;][et_pb_text _builder_version=&#8221;4.27.4&#8243; _module_preset=&#8221;default&#8221; text_font=&#8221;Aboreto||||||||&#8221; text_text_color=&#8221;#FFFFFF&#8221; text_font_size=&#8221;20px&#8221; text_orientation=&#8221;center&#8221; global_colors_info=&#8221;{}&#8221;]<\/p>\n<p>Mini Cross nitro<\/p>\n<p>dla dzieci 8-12 lat<\/p>\n<p><span>Moc: 1600W<\/span><br \/><span>Waga: 34kg<\/span><br \/><span>V-max regulowana do 40km\/h<\/span><br \/><span>Czas \u0142adowania: 3h<\/span><br \/><span>Zasi\u0119g: ok 25km<\/span><\/p>\n<p>Dost\u0119pna 1 sztuka<span><\/span><\/p>\n<p>Ceny:<\/p>\n<p><span>1 godzina: 100 z\u0142<\/span><br \/><span>3 godziny lub do wyczerpania baterii: 190 z\u0142<\/span><br \/><span>Ca\u0142y dzie\u0144: 210 z\u0142 (z \u0142adowark\u0105)<\/span><br \/><span>Doba: 230 z\u0142 (z \u0142adowark\u0105)<\/span><br \/><span>Weekend (pi\u0105tek wiecz\u00f3r \u2013 poniedzia\u0142ek rano, z \u0142adowark\u0105): 400z\u0142<\/span><\/p>\n<p>Kaucja zwrotna: 300z\u0142<\/p>\n<p>[\/et_pb_text][\/et_pb_column][\/et_pb_row][\/et_pb_section][et_pb_section fb_built=&#8221;1&#8243; admin_label=&#8221;Video&#8221; _builder_version=&#8221;4.27.4&#8243; _module_preset=&#8221;default&#8221; background_color=&#8221;#000000&#8243; collapsed=&#8221;on&#8221; global_colors_info=&#8221;{}&#8221;][et_pb_row column_structure=&#8221;1_2,1_2&#8243; _builder_version=&#8221;4.27.4&#8243; _module_preset=&#8221;default&#8221; global_colors_info=&#8221;{}&#8221;][et_pb_column type=&#8221;1_2&#8243; _builder_version=&#8221;4.27.4&#8243; _module_preset=&#8221;default&#8221; global_colors_info=&#8221;{}&#8221;][\/et_pb_column][et_pb_column type=&#8221;1_2&#8243; _builder_version=&#8221;4.27.4&#8243; _module_preset=&#8221;default&#8221; global_colors_info=&#8221;{}&#8221;][et_pb_text _builder_version=&#8221;4.27.4&#8243; _module_preset=&#8221;default&#8221; text_font=&#8221;Aboreto||||||||&#8221; text_text_color=&#8221;#FFFFFF&#8221; text_font_size=&#8221;20px&#8221; text_line_height=&#8221;1em&#8221; text_orientation=&#8221;center&#8221; global_colors_info=&#8221;{}&#8221;]<\/p>\n<p>kaski, gogle, R\u0119kawice, spodnie ochronne w cenie<\/p>\n<p>&nbsp;<\/p>\n<p>&nbsp;<\/p>\n<p>Zni\u017cki dla grup:<\/p>\n<p><span>3 sztuki: -5%<\/span><br \/><span>4 sztuki i wi\u0119cej: -10%<\/span><span><\/span><\/p>\n<p>&nbsp;<\/p>\n<p>[\/et_pb_text][\/et_pb_column][\/et_pb_row][\/et_pb_section][et_pb_section fb_built=&#8221;1&#8243; admin_label=&#8221;Video&#8221; _builder_version=&#8221;4.27.4&#8243; _module_preset=&#8221;default&#8221; background_color=&#8221;#000000&#8243; collapsed=&#8221;on&#8221; global_colors_info=&#8221;{}&#8221;][et_pb_row column_structure=&#8221;1_2,1_2&#8243; _builder_version=&#8221;4.27.4&#8243; _module_preset=&#8221;default&#8221; global_colors_info=&#8221;{}&#8221;][et_pb_column type=&#8221;1_2&#8243; _builder_version=&#8221;4.27.4&#8243; _module_preset=&#8221;default&#8221; global_colors_info=&#8221;{}&#8221;][et_pb_image src=&#8221;https:\/\/electricadventure.pl\/wp-content\/uploads\/2025\/05\/DSC06199-scaled.jpg&#8221; title_text=&#8221;DSC06199&#8243; _builder_version=&#8221;4.27.4&#8243; _module_preset=&#8221;default&#8221; transform_scale=&#8221;128%|128%&#8221; transform_translate=&#8221;-3px|-51px&#8221; global_colors_info=&#8221;{}&#8221;][\/et_pb_image][\/et_pb_column][et_pb_column type=&#8221;1_2&#8243; _builder_version=&#8221;4.27.4&#8243; _module_preset=&#8221;default&#8221; global_colors_info=&#8221;{}&#8221;][et_pb_text _builder_version=&#8221;4.27.4&#8243; _module_preset=&#8221;default&#8221; text_font=&#8221;Aboreto||||||||&#8221; text_text_color=&#8221;#FFFFFF&#8221; text_font_size=&#8221;16px&#8221; text_line_height=&#8221;1em&#8221; text_orientation=&#8221;center&#8221; custom_padding=&#8221;||0px|||&#8221; global_colors_info=&#8221;{}&#8221;]<\/p>\n<p>TU SI\u0118 MIE\u015aCIMY:<\/p>\n<p>UL. SPACEROWA\u00a0 8<\/p>\n<p>41-217 sOSNOWIEC<\/p>\n<p>TEL:<\/p>\n<p>518955372<\/p>\n<p>EMAIL:<\/p>\n<p>ELECTRICADVENTURE.PL@GMAIL.COM<\/p>\n<p>&nbsp;<\/p>\n<p>[\/et_pb_text][\/et_pb_column][\/et_pb_row][\/et_pb_section]<\/p>\n","protected":false},"excerpt":{"rendered":"<p>surron ultra T Moc: 12,5 kWWaga: 92 kgV-max: 100 km\/hBateria: 74 V 55 AHCzas \u0142adowania: 4 h (0-100%)Zasi\u0119g: ok. 100 km Dost\u0119pne 2 sztuki ceny: 1 godzina: 190 z\u01423 godziny lub do wyczerpania baterii: 380 z\u0142Ca\u0142y dzie\u0144: 460 z\u0142 (z \u0142adowark\u0105)Doba: 540 z\u0142 (z \u0142adowark\u0105)Weekend (pi\u0105tek wiecz\u00f3r \u2013 poniedzia\u0142ek rano, z \u0142adowark\u0105): 950 z\u0142 kaucja [&hellip;]<\/p>\n","protected":false},"author":1,"featured_media":0,"parent":0,"menu_order":0,"comment_status":"closed","ping_status":"closed","template":"page-template-blank.php","meta":{"_et_pb_use_builder":"on","_et_pb_old_content":"","_et_gb_content_width":"","footnotes":""},"class_list":["post-99","page","type-page","status-publish","hentry"],"_links":{"self":[{"href":"https:\/\/electricadventure.pl\/index.php\/wp-json\/wp\/v2\/pages\/99","targetHints":{"allow":["GET"]}}],"collection":[{"href":"https:\/\/electricadventure.pl\/index.php\/wp-json\/wp\/v2\/pages"}],"about":[{"href":"https:\/\/electricadventure.pl\/index.php\/wp-json\/wp\/v2\/types\/page"}],"author":[{"embeddable":true,"href":"https:\/\/electricadventure.pl\/index.php\/wp-json\/wp\/v2\/users\/1"}],"replies":[{"embeddable":true,"href":"https:\/\/electricadventure.pl\/index.php\/wp-json\/wp\/v2\/comments?post=99"}],"version-history":[{"count":7,"href":"https:\/\/electricadventure.pl\/index.php\/wp-json\/wp\/v2\/pages\/99\/revisions"}],"predecessor-version":[{"id":201,"href":"https:\/\/electricadventure.pl\/index.php\/wp-json\/wp\/v2\/pages\/99\/revisions\/201"}],"wp:attachment":[{"href":"https:\/\/electricadventure.pl\/index.php\/wp-json\/wp\/v2\/media?parent=99"}],"curies":[{"name":"wp","href":"https:\/\/api.w.org\/{rel}","templated":true}]}}