{"id":17,"date":"2025-05-13T05:39:23","date_gmt":"2025-05-13T05:39:23","guid":{"rendered":"https:\/\/electricadventure.pl\/?page_id=17"},"modified":"2025-05-13T05:41:51","modified_gmt":"2025-05-13T05:41:51","slug":"podstrona-rowery","status":"publish","type":"page","link":"https:\/\/electricadventure.pl\/index.php\/podstrona-rowery\/","title":{"rendered":"Podstrona Rowery"},"content":{"rendered":"<p>[et_pb_section fb_built=&#8221;1&#8243; admin_label=&#8221;Header&#8221; _builder_version=&#8221;4.27.4&#8243; _module_preset=&#8221;default&#8221; background_image=&#8221;https:\/\/electricadventure.pl\/wp-content\/uploads\/2025\/05\/Tekst-akapitu-rOWERY.png&#8221; custom_margin=&#8221;||-22px||false|false&#8221; custom_padding=&#8221;21vw||21vw||true|false&#8221; collapsed=&#8221;off&#8221; global_colors_info=&#8221;{}&#8221;][et_pb_row use_custom_gutter=&#8221;on&#8221; make_equal=&#8221;on&#8221; _builder_version=&#8221;4.27.4&#8243; _module_preset=&#8221;default&#8221; width=&#8221;23%&#8221; global_colors_info=&#8221;{}&#8221;][et_pb_column type=&#8221;4_4&#8243; _builder_version=&#8221;4.27.4&#8243; _module_preset=&#8221;default&#8221; global_colors_info=&#8221;{}&#8221;][et_pb_image src=&#8221;https:\/\/electricadventure.pl\/wp-content\/uploads\/2025\/05\/Temat-scaled.png&#8221; title_text=&#8221;Temat&#8221; _builder_version=&#8221;4.27.4&#8243; _module_preset=&#8221;default&#8221; transform_scale=&#8221;148%|148%&#8221; transform_translate=&#8221;0px|12px&#8221; global_colors_info=&#8221;{}&#8221;][\/et_pb_image][et_pb_text _builder_version=&#8221;4.27.4&#8243; _module_preset=&#8221;default&#8221; global_colors_info=&#8221;{}&#8221;][\/et_pb_text][\/et_pb_column][\/et_pb_row][\/et_pb_section][et_pb_section fb_built=&#8221;1&#8243; admin_label=&#8221;Video&#8221; _builder_version=&#8221;4.27.4&#8243; _module_preset=&#8221;default&#8221; background_color=&#8221;#000000&#8243; collapsed=&#8221;on&#8221; global_colors_info=&#8221;{}&#8221;][et_pb_row column_structure=&#8221;1_2,1_2&#8243; _builder_version=&#8221;4.27.4&#8243; _module_preset=&#8221;default&#8221; global_colors_info=&#8221;{}&#8221;][et_pb_column type=&#8221;1_2&#8243; _builder_version=&#8221;4.27.4&#8243; _module_preset=&#8221;default&#8221; global_colors_info=&#8221;{}&#8221;][et_pb_image src=&#8221;https:\/\/electricadventure.pl\/wp-content\/uploads\/2025\/05\/DSC06327.jpg&#8221; title_text=&#8221;DSC06327&#8243; _builder_version=&#8221;4.27.4&#8243; _module_preset=&#8221;default&#8221; global_colors_info=&#8221;{}&#8221;][\/et_pb_image][\/et_pb_column][et_pb_column type=&#8221;1_2&#8243; _builder_version=&#8221;4.27.4&#8243; _module_preset=&#8221;default&#8221; global_colors_info=&#8221;{}&#8221;][et_pb_text _builder_version=&#8221;4.27.4&#8243; _module_preset=&#8221;default&#8221; text_font=&#8221;Aboreto||||||||&#8221; text_text_color=&#8221;#FFFFFF&#8221; text_font_size=&#8221;20px&#8221; text_orientation=&#8221;center&#8221; hover_enabled=&#8221;0&#8243; global_colors_info=&#8221;{}&#8221; sticky_enabled=&#8221;0&#8243;]<\/p>\n<p><span>Ghost E-teru Essential<\/span><\/p>\n<p><span>Silnik: Bosch Performance 250 W<\/span><br \/><span>Bateria: Bosch Power Tube 500 Wh<\/span><br \/><span>Przek\u0142adnia: Shimano Alivio, 9-stopniowa<\/span><br \/><span>Rama: Aluminiowa, 29\u201d<\/span><br \/><span>Waga: 23,7 kg<\/span><br \/><span>Zasi\u0119g: ok. 50 km<\/span><br \/><span>Czas \u0142adowania: 4 h<\/span><\/p>\n<p><span>dost\u0119pne 2 sztuki<\/span><\/p>\n<p><span><\/span><\/p>\n<p><span>CENY:<\/span><\/p>\n<p><span><br \/>Doba &#8211; 120z\u0142<br \/>Weekend (pi\u0105tek &#8211; niedziela z \u0142adowark\u0105) &#8211; 300z\u0142<\/span><\/p>\n<p><span>kaucja zwrotna: 300Z\u0141<\/span><\/p>\n<p>[\/et_pb_text][\/et_pb_column][\/et_pb_row][\/et_pb_section][et_pb_section fb_built=&#8221;1&#8243; admin_label=&#8221;Video&#8221; _builder_version=&#8221;4.27.4&#8243; _module_preset=&#8221;default&#8221; background_color=&#8221;#000000&#8243; collapsed=&#8221;on&#8221; global_colors_info=&#8221;{}&#8221;][et_pb_row column_structure=&#8221;1_2,1_2&#8243; _builder_version=&#8221;4.27.4&#8243; _module_preset=&#8221;default&#8221; global_colors_info=&#8221;{}&#8221;][et_pb_column type=&#8221;1_2&#8243; _builder_version=&#8221;4.27.4&#8243; _module_preset=&#8221;default&#8221; global_colors_info=&#8221;{}&#8221;][et_pb_image src=&#8221;https:\/\/electricadventure.pl\/wp-content\/uploads\/2025\/05\/DSC06347-2-scaled.jpg&#8221; title_text=&#8221;DSC06347&#8243; _builder_version=&#8221;4.27.4&#8243; _module_preset=&#8221;default&#8221; global_colors_info=&#8221;{}&#8221;][\/et_pb_image][\/et_pb_column][et_pb_column type=&#8221;1_2&#8243; _builder_version=&#8221;4.27.4&#8243; _module_preset=&#8221;default&#8221; global_colors_info=&#8221;{}&#8221;][et_pb_text _builder_version=&#8221;4.27.4&#8243; _module_preset=&#8221;default&#8221; text_font=&#8221;Aboreto||||||||&#8221; text_text_color=&#8221;#FFFFFF&#8221; text_font_size=&#8221;20px&#8221; text_orientation=&#8221;center&#8221; hover_enabled=&#8221;0&#8243; global_colors_info=&#8221;{}&#8221; sticky_enabled=&#8221;0&#8243;]<\/p>\n<p>Duotts c29<\/p>\n<p>elektryczny rower miejski na abonament<\/p>\n<p><span>Moc: 750 W<\/span><br \/><span>Waga: 26 kg<\/span><br \/><span>V-max: 50 km\/h<\/span><br \/><span>Bateria: 48 V 15 AH<\/span><br \/><span>Czas \u0142adowania: 4 h (0-100%)<\/span><br \/><span>Zasi\u0119g: ok. 70 km<\/span><\/p>\n<p>Ceny:<\/p>\n<p><span>Tydzie\u0144: 190z\u0142, z dodatkow\u0105 bateri\u0105: 240z\u0142\u00a0<\/span><br \/><span>Miesi\u0105c: 590z\u0142, z dodatkow\u0105 bateri\u0105: 690z\u0142<\/span><\/p>\n<p><span>te rowery oferujemy z darmow\u0105 dostaw\u0105 pod wskazany adres w Katowicach +10km. zapytaj o szczeg\u00f3\u0142y telefonicznie.<\/span><\/p>\n<p><span><\/span><\/p>\n<p>[\/et_pb_text][\/et_pb_column][\/et_pb_row][\/et_pb_section][et_pb_section fb_built=&#8221;1&#8243; admin_label=&#8221;Video&#8221; _builder_version=&#8221;4.27.4&#8243; _module_preset=&#8221;default&#8221; background_color=&#8221;#000000&#8243; collapsed=&#8221;on&#8221; global_colors_info=&#8221;{}&#8221;][et_pb_row column_structure=&#8221;1_2,1_2&#8243; _builder_version=&#8221;4.27.4&#8243; _module_preset=&#8221;default&#8221; global_colors_info=&#8221;{}&#8221;][et_pb_column type=&#8221;1_2&#8243; _builder_version=&#8221;4.27.4&#8243; _module_preset=&#8221;default&#8221; global_colors_info=&#8221;{}&#8221;][et_pb_image src=&#8221;https:\/\/electricadventure.pl\/wp-content\/uploads\/2025\/05\/DSC06199-scaled.jpg&#8221; title_text=&#8221;DSC06199&#8243; _builder_version=&#8221;4.27.4&#8243; _module_preset=&#8221;default&#8221; transform_scale=&#8221;128%|128%&#8221; transform_translate=&#8221;-3px|-51px&#8221; global_colors_info=&#8221;{}&#8221;][\/et_pb_image][\/et_pb_column][et_pb_column type=&#8221;1_2&#8243; _builder_version=&#8221;4.27.4&#8243; _module_preset=&#8221;default&#8221; global_colors_info=&#8221;{}&#8221;][et_pb_text _builder_version=&#8221;4.27.4&#8243; _module_preset=&#8221;default&#8221; text_font=&#8221;Aboreto||||||||&#8221; text_text_color=&#8221;#FFFFFF&#8221; text_font_size=&#8221;16px&#8221; text_line_height=&#8221;1em&#8221; text_orientation=&#8221;center&#8221; custom_padding=&#8221;||0px|||&#8221; global_colors_info=&#8221;{}&#8221;]<\/p>\n<p>TU SI\u0118 MIE\u015aCIMY:<\/p>\n<p>UL. SPACEROWA\u00a0 8<\/p>\n<p>41-217 sOSNOWIEC<\/p>\n<p>TEL:<\/p>\n<p>518955372<\/p>\n<p>EMAIL:<\/p>\n<p>ELECTRICADVENTURE.PL@GMAIL.COM<\/p>\n<p>&nbsp;<\/p>\n<p>[\/et_pb_text][\/et_pb_column][\/et_pb_row][\/et_pb_section]<\/p>\n","protected":false},"excerpt":{"rendered":"<p>Ghost E-teru Essential Silnik: Bosch Performance 250 WBateria: Bosch Power Tube 500 WhPrzek\u0142adnia: Shimano Alivio, 9-stopniowaRama: Aluminiowa, 29\u201dWaga: 23,7 kgZasi\u0119g: ok. 50 kmCzas \u0142adowania: 4 h dost\u0119pne 2 sztuki CENY: Doba &#8211; 120z\u0142Weekend (pi\u0105tek &#8211; niedziela z \u0142adowark\u0105) &#8211; 300z\u0142 kaucja zwrotna: 300Z\u0141Duotts c29 elektryczny rower miejski na abonament Moc: 750 WWaga: 26 kgV-max: 50 [&hellip;]<\/p>\n","protected":false},"author":1,"featured_media":0,"parent":0,"menu_order":0,"comment_status":"closed","ping_status":"closed","template":"page-template-blank.php","meta":{"_et_pb_use_builder":"on","_et_pb_old_content":"","_et_gb_content_width":"","footnotes":""},"class_list":["post-17","page","type-page","status-publish","hentry"],"_links":{"self":[{"href":"https:\/\/electricadventure.pl\/index.php\/wp-json\/wp\/v2\/pages\/17","targetHints":{"allow":["GET"]}}],"collection":[{"href":"https:\/\/electricadventure.pl\/index.php\/wp-json\/wp\/v2\/pages"}],"about":[{"href":"https:\/\/electricadventure.pl\/index.php\/wp-json\/wp\/v2\/types\/page"}],"author":[{"embeddable":true,"href":"https:\/\/electricadventure.pl\/index.php\/wp-json\/wp\/v2\/users\/1"}],"replies":[{"embeddable":true,"href":"https:\/\/electricadventure.pl\/index.php\/wp-json\/wp\/v2\/comments?post=17"}],"version-history":[{"count":5,"href":"https:\/\/electricadventure.pl\/index.php\/wp-json\/wp\/v2\/pages\/17\/revisions"}],"predecessor-version":[{"id":131,"href":"https:\/\/electricadventure.pl\/index.php\/wp-json\/wp\/v2\/pages\/17\/revisions\/131"}],"wp:attachment":[{"href":"https:\/\/electricadventure.pl\/index.php\/wp-json\/wp\/v2\/media?parent=17"}],"curies":[{"name":"wp","href":"https:\/\/api.w.org\/{rel}","templated":true}]}}