{"id":147,"date":"2025-05-14T20:03:47","date_gmt":"2025-05-14T20:03:47","guid":{"rendered":"https:\/\/electricadventure.pl\/?page_id=147"},"modified":"2025-08-13T09:52:40","modified_gmt":"2025-08-13T09:52:40","slug":"podstrona-wyprawy-imprezy","status":"publish","type":"page","link":"https:\/\/electricadventure.pl\/index.php\/podstrona-wyprawy-imprezy\/","title":{"rendered":"Podstrona Wyprawy Imprezy"},"content":{"rendered":"<p>[et_pb_section fb_built=&#8221;1&#8243; admin_label=&#8221;Header&#8221; _builder_version=&#8221;4.27.4&#8243; _module_preset=&#8221;default&#8221; background_image=&#8221;https:\/\/electricadventure.pl\/wp-content\/uploads\/2025\/05\/wyprawy-laczone.png&#8221; custom_margin=&#8221;||-22px||false|false&#8221; custom_padding=&#8221;21vw||21vw||true|false&#8221; collapsed=&#8221;off&#8221; global_colors_info=&#8221;{}&#8221;][et_pb_row use_custom_gutter=&#8221;on&#8221; make_equal=&#8221;on&#8221; _builder_version=&#8221;4.27.4&#8243; _module_preset=&#8221;default&#8221; width=&#8221;23%&#8221; global_colors_info=&#8221;{}&#8221;][et_pb_column type=&#8221;4_4&#8243; _builder_version=&#8221;4.27.4&#8243; _module_preset=&#8221;default&#8221; global_colors_info=&#8221;{}&#8221;][et_pb_image src=&#8221;https:\/\/electricadventure.pl\/wp-content\/uploads\/2025\/05\/Temat-3.png&#8221; title_text=&#8221;Temat (3)&#8221; _builder_version=&#8221;4.27.4&#8243; _module_preset=&#8221;default&#8221; transform_scale=&#8221;148%|148%&#8221; transform_translate=&#8221;0px|12px&#8221; global_colors_info=&#8221;{}&#8221;][\/et_pb_image][et_pb_text _builder_version=&#8221;4.27.4&#8243; _module_preset=&#8221;default&#8221; global_colors_info=&#8221;{}&#8221;][\/et_pb_text][\/et_pb_column][\/et_pb_row][\/et_pb_section][et_pb_section fb_built=&#8221;1&#8243; admin_label=&#8221;Video&#8221; _builder_version=&#8221;4.27.4&#8243; _module_preset=&#8221;default&#8221; background_color=&#8221;#000000&#8243; collapsed=&#8221;on&#8221; global_colors_info=&#8221;{}&#8221;][et_pb_row column_structure=&#8221;1_2,1_2&#8243; _builder_version=&#8221;4.27.4&#8243; _module_preset=&#8221;default&#8221; global_colors_info=&#8221;{}&#8221;][et_pb_column type=&#8221;1_2&#8243; _builder_version=&#8221;4.27.4&#8243; _module_preset=&#8221;default&#8221; global_colors_info=&#8221;{}&#8221;][et_pb_image src=&#8221;https:\/\/electricadventure.pl\/wp-content\/uploads\/2025\/05\/CAL01890-scaled.jpg&#8221; title_text=&#8221;CAL01890&#8243; _builder_version=&#8221;4.27.4&#8243; _module_preset=&#8221;default&#8221; global_colors_info=&#8221;{}&#8221;][\/et_pb_image][\/et_pb_column][et_pb_column type=&#8221;1_2&#8243; _builder_version=&#8221;4.27.4&#8243; _module_preset=&#8221;default&#8221; global_colors_info=&#8221;{}&#8221;][et_pb_text _builder_version=&#8221;4.27.4&#8243; _module_preset=&#8221;default&#8221; text_font=&#8221;Aboreto||||||||&#8221; text_text_color=&#8221;#FFFFFF&#8221; text_font_size=&#8221;20px&#8221; text_orientation=&#8221;center&#8221; global_colors_info=&#8221;{}&#8221;]<\/p>\n<p><span><\/span><\/p>\n<p><span><\/span><\/p>\n<p><span>Zorganizuj z nami imprez\u0119 firmow\u0105, niezapomniane urodziny lub wiecz\u00f3r kawalerski czy panie\u0144ski! Gwarantujemy nie tylko adrenalin\u0119, ale tak\u017ce integracj\u0119 i niezapomniane chwile w gronie znajomych czy wsp\u00f3\u0142pracownik\u00f3w. Wyrusz na ekscytuj\u0105c\u0105 wypraw\u0119 terenow\u0105, korzystaj\u0105c z wielu naszych <\/span><span>aktywno\u015bci jednego dnia, a na zako\u0144czenie odpocznij przy ognisku lub grillu w malowniczej, le\u015bnej scenerii.<\/span><\/p>\n<p><span><\/span><\/p>\n<p>&nbsp;<\/p>\n<p>[\/et_pb_text][\/et_pb_column][\/et_pb_row][\/et_pb_section][et_pb_section fb_built=&#8221;1&#8243; admin_label=&#8221;Video&#8221; _builder_version=&#8221;4.27.4&#8243; _module_preset=&#8221;default&#8221; background_color=&#8221;#000000&#8243; collapsed=&#8221;on&#8221; global_colors_info=&#8221;{}&#8221;][et_pb_row column_structure=&#8221;1_2,1_2&#8243; _builder_version=&#8221;4.27.4&#8243; _module_preset=&#8221;default&#8221; global_colors_info=&#8221;{}&#8221;][et_pb_column type=&#8221;1_2&#8243; _builder_version=&#8221;4.27.4&#8243; _module_preset=&#8221;default&#8221; global_colors_info=&#8221;{}&#8221;][et_pb_image src=&#8221;https:\/\/electricadventure.pl\/wp-content\/uploads\/2025\/05\/DJI_0081-4-scaled.jpg&#8221; title_text=&#8221;DJI_0081 (4)&#8221; _builder_version=&#8221;4.27.4&#8243; _module_preset=&#8221;default&#8221; global_colors_info=&#8221;{}&#8221;][\/et_pb_image][\/et_pb_column][et_pb_column type=&#8221;1_2&#8243; _builder_version=&#8221;4.27.4&#8243; _module_preset=&#8221;default&#8221; global_colors_info=&#8221;{}&#8221;][et_pb_text _builder_version=&#8221;4.27.4&#8243; _module_preset=&#8221;default&#8221; text_font=&#8221;Aboreto||||||||&#8221; text_text_color=&#8221;#FFFFFF&#8221; text_font_size=&#8221;20px&#8221; text_orientation=&#8221;center&#8221; global_colors_info=&#8221;{}&#8221;]<\/p>\n<p><span><\/span><\/p>\n<p><span><\/span><\/p>\n<p><span><\/span><\/p>\n<p><span>Po\u0142\u0105cz dowolnie wybrane aktywno\u015bci w jedn\u0105 wypraw\u0119:\u00a0<\/span><\/p>\n<p><span><br \/>Jazda crossem\/rowerem elektrycznym<br \/>Sp\u0142yw kajakowy<br \/>Rozgrywki ASG<br \/>ognisko w terenie<\/span><\/p>\n<p><span><\/span><\/p>\n<p>[\/et_pb_text][\/et_pb_column][\/et_pb_row][\/et_pb_section][et_pb_section fb_built=&#8221;1&#8243; admin_label=&#8221;Video&#8221; _builder_version=&#8221;4.27.4&#8243; _module_preset=&#8221;default&#8221; background_color=&#8221;#000000&#8243; collapsed=&#8221;on&#8221; global_colors_info=&#8221;{}&#8221;][et_pb_row column_structure=&#8221;1_2,1_2&#8243; _builder_version=&#8221;4.27.4&#8243; _module_preset=&#8221;default&#8221; global_colors_info=&#8221;{}&#8221;][et_pb_column type=&#8221;1_2&#8243; _builder_version=&#8221;4.27.4&#8243; _module_preset=&#8221;default&#8221; global_colors_info=&#8221;{}&#8221;][et_pb_image src=&#8221;https:\/\/electricadventure.pl\/wp-content\/uploads\/2025\/05\/asg-scaled.jpg&#8221; title_text=&#8221;asg&#8221; _builder_version=&#8221;4.27.4&#8243; _module_preset=&#8221;default&#8221; global_colors_info=&#8221;{}&#8221;][\/et_pb_image][\/et_pb_column][et_pb_column type=&#8221;1_2&#8243; _builder_version=&#8221;4.27.4&#8243; _module_preset=&#8221;default&#8221; global_colors_info=&#8221;{}&#8221;][et_pb_text _builder_version=&#8221;4.27.4&#8243; _module_preset=&#8221;default&#8221; text_font=&#8221;Aboreto||||||||&#8221; text_text_color=&#8221;#FFFFFF&#8221; text_font_size=&#8221;20px&#8221; text_orientation=&#8221;center&#8221; global_colors_info=&#8221;{}&#8221;]<\/p>\n<p>cena wyprawy \u0142\u0105czonej jest zale\u017cna od wybranych aktywno\u015bci i ich wymiaru czasowego.<\/p>\n<p>oto przyk\u0142adowe konfiguracje z cenami:<\/p>\n<p>2h na crossach + ma\u0142y sp\u0142yw &#8211; 350z\u0142\/os. ma\u0142ym crossem (surron LB, Talaria),<\/p>\n<p>390z\u0142\/os. du\u017cym crossem (Surron ultra)<\/p>\n<p>4h na rowerach elektrycznych + ma\u0142y sp\u0142yw &#8211; 200z\u0142\/os.<\/p>\n<p>2h na crossach + 2h ASG &#8211; 390 z\u0142\/os.\u00a0<\/p>\n<p>2h na crossach + ma\u0142y sp\u0142yw + 2h ASG &#8211; 490z\u0142\/os.\u00a0<\/p>\n<p>ognisko w terenie (bez ogranicze\u0144 czasowych) &#8211; 200z\u0142 za ca\u0142\u0105 grup\u0119<\/p>\n<p>&nbsp;<\/p>\n<p>[\/et_pb_text][\/et_pb_column][\/et_pb_row][\/et_pb_section][et_pb_section fb_built=&#8221;1&#8243; admin_label=&#8221;Video&#8221; _builder_version=&#8221;4.27.4&#8243; _module_preset=&#8221;default&#8221; background_color=&#8221;#000000&#8243; collapsed=&#8221;on&#8221; global_colors_info=&#8221;{}&#8221;][et_pb_row column_structure=&#8221;1_2,1_2&#8243; _builder_version=&#8221;4.27.4&#8243; _module_preset=&#8221;default&#8221; global_colors_info=&#8221;{}&#8221;][et_pb_column type=&#8221;1_2&#8243; _builder_version=&#8221;4.27.4&#8243; _module_preset=&#8221;default&#8221; global_colors_info=&#8221;{}&#8221;][et_pb_image src=&#8221;https:\/\/electricadventure.pl\/wp-content\/uploads\/2025\/05\/DSC06199-scaled.jpg&#8221; title_text=&#8221;DSC06199&#8243; _builder_version=&#8221;4.27.4&#8243; _module_preset=&#8221;default&#8221; transform_scale=&#8221;128%|128%&#8221; transform_translate=&#8221;-3px|-51px&#8221; global_colors_info=&#8221;{}&#8221;][\/et_pb_image][\/et_pb_column][et_pb_column type=&#8221;1_2&#8243; _builder_version=&#8221;4.27.4&#8243; _module_preset=&#8221;default&#8221; global_colors_info=&#8221;{}&#8221;][et_pb_text _builder_version=&#8221;4.27.4&#8243; _module_preset=&#8221;default&#8221; text_font=&#8221;Aboreto||||||||&#8221; text_text_color=&#8221;#FFFFFF&#8221; text_font_size=&#8221;16px&#8221; text_line_height=&#8221;1em&#8221; text_orientation=&#8221;center&#8221; custom_padding=&#8221;||0px|||&#8221; global_colors_info=&#8221;{}&#8221;]<\/p>\n<p>TU SI\u0118 MIE\u015aCIMY:<\/p>\n<p>UL. SPACEROWA\u00a0 8<\/p>\n<p>41-217 sOSNOWIEC<\/p>\n<p>TEL:<\/p>\n<p>518955372<\/p>\n<p>EMAIL:<\/p>\n<p>ELECTRICADVENTURE.PL@GMAIL.COM<\/p>\n<p>&nbsp;<\/p>\n<p>[\/et_pb_text][\/et_pb_column][\/et_pb_row][\/et_pb_section]<\/p>\n","protected":false},"excerpt":{"rendered":"<p>Zorganizuj z nami imprez\u0119 firmow\u0105, niezapomniane urodziny lub wiecz\u00f3r kawalerski czy panie\u0144ski! Gwarantujemy nie tylko adrenalin\u0119, ale tak\u017ce integracj\u0119 i niezapomniane chwile w gronie znajomych czy wsp\u00f3\u0142pracownik\u00f3w. Wyrusz na ekscytuj\u0105c\u0105 wypraw\u0119 terenow\u0105, korzystaj\u0105c z wielu naszych aktywno\u015bci jednego dnia, a na zako\u0144czenie odpocznij przy ognisku lub grillu w malowniczej, le\u015bnej scenerii. &nbsp; Po\u0142\u0105cz dowolnie wybrane [&hellip;]<\/p>\n","protected":false},"author":1,"featured_media":0,"parent":0,"menu_order":0,"comment_status":"closed","ping_status":"closed","template":"page-template-blank.php","meta":{"_et_pb_use_builder":"on","_et_pb_old_content":"","_et_gb_content_width":"","footnotes":""},"class_list":["post-147","page","type-page","status-publish","hentry"],"_links":{"self":[{"href":"https:\/\/electricadventure.pl\/index.php\/wp-json\/wp\/v2\/pages\/147","targetHints":{"allow":["GET"]}}],"collection":[{"href":"https:\/\/electricadventure.pl\/index.php\/wp-json\/wp\/v2\/pages"}],"about":[{"href":"https:\/\/electricadventure.pl\/index.php\/wp-json\/wp\/v2\/types\/page"}],"author":[{"embeddable":true,"href":"https:\/\/electricadventure.pl\/index.php\/wp-json\/wp\/v2\/users\/1"}],"replies":[{"embeddable":true,"href":"https:\/\/electricadventure.pl\/index.php\/wp-json\/wp\/v2\/comments?post=147"}],"version-history":[{"count":6,"href":"https:\/\/electricadventure.pl\/index.php\/wp-json\/wp\/v2\/pages\/147\/revisions"}],"predecessor-version":[{"id":197,"href":"https:\/\/electricadventure.pl\/index.php\/wp-json\/wp\/v2\/pages\/147\/revisions\/197"}],"wp:attachment":[{"href":"https:\/\/electricadventure.pl\/index.php\/wp-json\/wp\/v2\/media?parent=147"}],"curies":[{"name":"wp","href":"https:\/\/api.w.org\/{rel}","templated":true}]}}